{"id":1656,"date":"2025-09-02T17:45:03","date_gmt":"2025-09-02T17:45:03","guid":{"rendered":"https:\/\/myfi.bcardmexico.com\/?post_type=product&#038;p=1656"},"modified":"2025-09-02T17:45:03","modified_gmt":"2025-09-02T17:45:03","slug":"empak-2022","status":"publish","type":"product","link":"https:\/\/myfi.bcardmexico.com\/?product=empak-2022","title":{"rendered":"Empak 2022"},"content":{"rendered":"","protected":false},"excerpt":{"rendered":"<p>\u2022Dise\u00f1o de plataforma cerrada<br \/>\n\u2022Dise\u00f1o ergon\u00f3mico con manejo \u00f3ptimo<br \/>\nmediante asas en la tapa<br \/>\n\u2022Gran compuerta para un f\u00e1cil acceso a los<br \/>\nproductos almacenados<br \/>\n\u2022Apilado adecuado gracias al dise\u00f1o perfecto<br \/>\nentre tapa y base<br \/>\n\u2022 Producto reutilizable, 100% reciclable, b<\/p>\n","protected":false},"featured_media":1657,"comment_status":"open","ping_status":"closed","template":"","meta":[],"etheme_brands":[],"product_brand":[],"product_cat":[50],"product_tag":[],"class_list":{"0":"post-1656","1":"product","2":"type-product","3":"status-publish","4":"has-post-thumbnail","6":"product_cat-pallet-box","8":"first","9":"instock","10":"shipping-taxable","11":"product-type-simple"},"yoast_head":"<!-- This site is optimized with the Yoast SEO Premium plugin v23.4 (Yoast SEO v23.4) - https:\/\/yoast.com\/wordpress\/plugins\/seo\/ -->\n<title>Empak 2022 - Myfi Pallets<\/title>\n<meta name=\"robots\" content=\"index, follow, max-snippet:-1, max-image-preview:large, max-video-preview:-1\" \/>\n<link rel=\"canonical\" href=\"https:\/\/myfi.bcardmexico.com\/?product=empak-2022\" \/>\n<meta property=\"og:locale\" content=\"es_MX\" \/>\n<meta property=\"og:type\" content=\"article\" \/>\n<meta property=\"og:title\" content=\"Empak 2022\" \/>\n<meta property=\"og:description\" content=\"\u2022Dise\u00f1o de plataforma cerrada \u2022Dise\u00f1o ergon\u00f3mico con manejo \u00f3ptimo mediante asas en la tapa \u2022Gran compuerta para un f\u00e1cil acceso a los productos almacenados \u2022Apilado adecuado gracias al dise\u00f1o perfecto entre tapa y base \u2022 Producto reutilizable, 100% reciclable, b\" \/>\n<meta property=\"og:url\" content=\"https:\/\/myfi.bcardmexico.com\/?product=empak-2022\" \/>\n<meta property=\"og:site_name\" content=\"Myfi Pallets\" \/>\n<meta property=\"og:image\" content=\"https:\/\/myfi.bcardmexico.com\/wp-content\/uploads\/2025\/09\/Empack-2022.jpg\" \/>\n\t<meta property=\"og:image:width\" content=\"1000\" \/>\n\t<meta property=\"og:image:height\" content=\"1000\" \/>\n\t<meta property=\"og:image:type\" content=\"image\/jpeg\" \/>\n<meta name=\"twitter:card\" content=\"summary_large_image\" \/>\n<script type=\"application\/ld+json\" class=\"yoast-schema-graph\">{\"@context\":\"https:\/\/schema.org\",\"@graph\":[{\"@type\":\"WebPage\",\"@id\":\"https:\/\/myfi.bcardmexico.com\/?product=empak-2022\",\"url\":\"https:\/\/myfi.bcardmexico.com\/?product=empak-2022\",\"name\":\"Empak 2022 - Myfi Pallets\",\"isPartOf\":{\"@id\":\"https:\/\/myfi.bcardmexico.com\/#website\"},\"primaryImageOfPage\":{\"@id\":\"https:\/\/myfi.bcardmexico.com\/?product=empak-2022#primaryimage\"},\"image\":{\"@id\":\"https:\/\/myfi.bcardmexico.com\/?product=empak-2022#primaryimage\"},\"thumbnailUrl\":\"https:\/\/myfi.bcardmexico.com\/wp-content\/uploads\/2025\/09\/Empack-2022.jpg\",\"datePublished\":\"2025-09-02T17:45:03+00:00\",\"dateModified\":\"2025-09-02T17:45:03+00:00\",\"breadcrumb\":{\"@id\":\"https:\/\/myfi.bcardmexico.com\/?product=empak-2022#breadcrumb\"},\"inLanguage\":\"es\",\"potentialAction\":[{\"@type\":\"ReadAction\",\"target\":[\"https:\/\/myfi.bcardmexico.com\/?product=empak-2022\"]}]},{\"@type\":\"ImageObject\",\"inLanguage\":\"es\",\"@id\":\"https:\/\/myfi.bcardmexico.com\/?product=empak-2022#primaryimage\",\"url\":\"https:\/\/myfi.bcardmexico.com\/wp-content\/uploads\/2025\/09\/Empack-2022.jpg\",\"contentUrl\":\"https:\/\/myfi.bcardmexico.com\/wp-content\/uploads\/2025\/09\/Empack-2022.jpg\",\"width\":1000,\"height\":1000},{\"@type\":\"BreadcrumbList\",\"@id\":\"https:\/\/myfi.bcardmexico.com\/?product=empak-2022#breadcrumb\",\"itemListElement\":[{\"@type\":\"ListItem\",\"position\":1,\"name\":\"Home\",\"item\":\"https:\/\/myfi.bcardmexico.com\/\"},{\"@type\":\"ListItem\",\"position\":2,\"name\":\"Shop\",\"item\":\"https:\/\/myfi.bcardmexico.com\/?page_id=12\"},{\"@type\":\"ListItem\",\"position\":3,\"name\":\"Empak 2022\"}]},{\"@type\":\"WebSite\",\"@id\":\"https:\/\/myfi.bcardmexico.com\/#website\",\"url\":\"https:\/\/myfi.bcardmexico.com\/\",\"name\":\"Myfi Pallets\",\"description\":\"\",\"publisher\":{\"@id\":\"https:\/\/myfi.bcardmexico.com\/#organization\"},\"alternateName\":\"Myfi Pallets\",\"potentialAction\":[{\"@type\":\"SearchAction\",\"target\":{\"@type\":\"EntryPoint\",\"urlTemplate\":\"https:\/\/myfi.bcardmexico.com\/?s={search_term_string}\"},\"query-input\":{\"@type\":\"PropertyValueSpecification\",\"valueRequired\":true,\"valueName\":\"search_term_string\"}}],\"inLanguage\":\"es\"},{\"@type\":\"Organization\",\"@id\":\"https:\/\/myfi.bcardmexico.com\/#organization\",\"name\":\"Myfi Pallets\",\"url\":\"https:\/\/myfi.bcardmexico.com\/\",\"logo\":{\"@type\":\"ImageObject\",\"inLanguage\":\"es\",\"@id\":\"https:\/\/myfi.bcardmexico.com\/#\/schema\/logo\/image\/\",\"url\":\"https:\/\/myfi.bcardmexico.com\/wp-content\/uploads\/2022\/06\/Logo-cars-2x.png\",\"contentUrl\":\"https:\/\/myfi.bcardmexico.com\/wp-content\/uploads\/2022\/06\/Logo-cars-2x.png\",\"width\":355,\"height\":130,\"caption\":\"Myfi Pallets\"},\"image\":{\"@id\":\"https:\/\/myfi.bcardmexico.com\/#\/schema\/logo\/image\/\"}}]}<\/script>\n<!-- \/ Yoast SEO Premium plugin. -->","yoast_head_json":{"title":"Empak 2022 - Myfi Pallets","robots":{"index":"index","follow":"follow","max-snippet":"max-snippet:-1","max-image-preview":"max-image-preview:large","max-video-preview":"max-video-preview:-1"},"canonical":"https:\/\/myfi.bcardmexico.com\/?product=empak-2022","og_locale":"es_MX","og_type":"article","og_title":"Empak 2022","og_description":"\u2022Dise\u00f1o de plataforma cerrada \u2022Dise\u00f1o ergon\u00f3mico con manejo \u00f3ptimo mediante asas en la tapa \u2022Gran compuerta para un f\u00e1cil acceso a los productos almacenados \u2022Apilado adecuado gracias al dise\u00f1o perfecto entre tapa y base \u2022 Producto reutilizable, 100% reciclable, b","og_url":"https:\/\/myfi.bcardmexico.com\/?product=empak-2022","og_site_name":"Myfi Pallets","og_image":[{"width":1000,"height":1000,"url":"https:\/\/myfi.bcardmexico.com\/wp-content\/uploads\/2025\/09\/Empack-2022.jpg","type":"image\/jpeg"}],"twitter_card":"summary_large_image","schema":{"@context":"https:\/\/schema.org","@graph":[{"@type":"WebPage","@id":"https:\/\/myfi.bcardmexico.com\/?product=empak-2022","url":"https:\/\/myfi.bcardmexico.com\/?product=empak-2022","name":"Empak 2022 - Myfi Pallets","isPartOf":{"@id":"https:\/\/myfi.bcardmexico.com\/#website"},"primaryImageOfPage":{"@id":"https:\/\/myfi.bcardmexico.com\/?product=empak-2022#primaryimage"},"image":{"@id":"https:\/\/myfi.bcardmexico.com\/?product=empak-2022#primaryimage"},"thumbnailUrl":"https:\/\/myfi.bcardmexico.com\/wp-content\/uploads\/2025\/09\/Empack-2022.jpg","datePublished":"2025-09-02T17:45:03+00:00","dateModified":"2025-09-02T17:45:03+00:00","breadcrumb":{"@id":"https:\/\/myfi.bcardmexico.com\/?product=empak-2022#breadcrumb"},"inLanguage":"es","potentialAction":[{"@type":"ReadAction","target":["https:\/\/myfi.bcardmexico.com\/?product=empak-2022"]}]},{"@type":"ImageObject","inLanguage":"es","@id":"https:\/\/myfi.bcardmexico.com\/?product=empak-2022#primaryimage","url":"https:\/\/myfi.bcardmexico.com\/wp-content\/uploads\/2025\/09\/Empack-2022.jpg","contentUrl":"https:\/\/myfi.bcardmexico.com\/wp-content\/uploads\/2025\/09\/Empack-2022.jpg","width":1000,"height":1000},{"@type":"BreadcrumbList","@id":"https:\/\/myfi.bcardmexico.com\/?product=empak-2022#breadcrumb","itemListElement":[{"@type":"ListItem","position":1,"name":"Home","item":"https:\/\/myfi.bcardmexico.com\/"},{"@type":"ListItem","position":2,"name":"Shop","item":"https:\/\/myfi.bcardmexico.com\/?page_id=12"},{"@type":"ListItem","position":3,"name":"Empak 2022"}]},{"@type":"WebSite","@id":"https:\/\/myfi.bcardmexico.com\/#website","url":"https:\/\/myfi.bcardmexico.com\/","name":"Myfi Pallets","description":"","publisher":{"@id":"https:\/\/myfi.bcardmexico.com\/#organization"},"alternateName":"Myfi Pallets","potentialAction":[{"@type":"SearchAction","target":{"@type":"EntryPoint","urlTemplate":"https:\/\/myfi.bcardmexico.com\/?s={search_term_string}"},"query-input":{"@type":"PropertyValueSpecification","valueRequired":true,"valueName":"search_term_string"}}],"inLanguage":"es"},{"@type":"Organization","@id":"https:\/\/myfi.bcardmexico.com\/#organization","name":"Myfi Pallets","url":"https:\/\/myfi.bcardmexico.com\/","logo":{"@type":"ImageObject","inLanguage":"es","@id":"https:\/\/myfi.bcardmexico.com\/#\/schema\/logo\/image\/","url":"https:\/\/myfi.bcardmexico.com\/wp-content\/uploads\/2022\/06\/Logo-cars-2x.png","contentUrl":"https:\/\/myfi.bcardmexico.com\/wp-content\/uploads\/2022\/06\/Logo-cars-2x.png","width":355,"height":130,"caption":"Myfi Pallets"},"image":{"@id":"https:\/\/myfi.bcardmexico.com\/#\/schema\/logo\/image\/"}}]}},"_links":{"self":[{"href":"https:\/\/myfi.bcardmexico.com\/index.php?rest_route=\/wp\/v2\/product\/1656","targetHints":{"allow":["GET"]}}],"collection":[{"href":"https:\/\/myfi.bcardmexico.com\/index.php?rest_route=\/wp\/v2\/product"}],"about":[{"href":"https:\/\/myfi.bcardmexico.com\/index.php?rest_route=\/wp\/v2\/types\/product"}],"replies":[{"embeddable":true,"href":"https:\/\/myfi.bcardmexico.com\/index.php?rest_route=%2Fwp%2Fv2%2Fcomments&post=1656"}],"version-history":[{"count":1,"href":"https:\/\/myfi.bcardmexico.com\/index.php?rest_route=\/wp\/v2\/product\/1656\/revisions"}],"predecessor-version":[{"id":1658,"href":"https:\/\/myfi.bcardmexico.com\/index.php?rest_route=\/wp\/v2\/product\/1656\/revisions\/1658"}],"wp:featuredmedia":[{"embeddable":true,"href":"https:\/\/myfi.bcardmexico.com\/index.php?rest_route=\/wp\/v2\/media\/1657"}],"wp:attachment":[{"href":"https:\/\/myfi.bcardmexico.com\/index.php?rest_route=%2Fwp%2Fv2%2Fmedia&parent=1656"}],"wp:term":[{"taxonomy":"brand","embeddable":true,"href":"https:\/\/myfi.bcardmexico.com\/index.php?rest_route=%2Fwp%2Fv2%2Fetheme_brands&post=1656"},{"taxonomy":"product_brand","embeddable":true,"href":"https:\/\/myfi.bcardmexico.com\/index.php?rest_route=%2Fwp%2Fv2%2Fproduct_brand&post=1656"},{"taxonomy":"product_cat","embeddable":true,"href":"https:\/\/myfi.bcardmexico.com\/index.php?rest_route=%2Fwp%2Fv2%2Fproduct_cat&post=1656"},{"taxonomy":"product_tag","embeddable":true,"href":"https:\/\/myfi.bcardmexico.com\/index.php?rest_route=%2Fwp%2Fv2%2Fproduct_tag&post=1656"}],"curies":[{"name":"wp","href":"https:\/\/api.w.org\/{rel}","templated":true}]}}